{"id":924,"date":"2021-07-01T08:54:55","date_gmt":"2021-07-01T08:54:55","guid":{"rendered":"https:\/\/ibis-budget.accorv2prod.decms.eu\/?page_id=924"},"modified":"2022-07-14T15:09:01","modified_gmt":"2022-07-14T15:09:01","slug":"rooms-suites","status":"publish","type":"page","link":"https:\/\/ibis-budget.accorv2prod.decms.eu\/vi\/rooms-suites\/","title":{"rendered":"Ph\u00f2ng &#038; Suite"},"content":{"rendered":"<p>C\u00e1c ph\u00f2ng trang nh\u00e3 v\u00e0 d\u00e3y ph\u00f2ng sang tr\u1ecdng g\u1ee3i l\u1ea1i nh\u1eefng ng\u00e0y \u0111\u00e3 qua v\u1edbi thi\u1ebft k\u1ebf tinh t\u1ebf v\u00e0 \u0111\u1ea7y phong c\u00e1ch s\u1ebd khi\u1ebfn b\u1ea1n c\u1ea3m th\u1ea5y nh\u01b0 \u0111ang \u1edf nh\u00e0.<\/p>\n<p>Vui l\u00f2ng th\u00f4ng b\u00e1o tr\u01b0\u1edbc cho kh\u00e1ch s\u1ea1n t\u1ea1i th\u1eddi \u0111i\u1ec3m \u0111\u1eb7t ph\u00f2ng n\u1ebfu b\u1ea1n c\u00f3 nhu c\u1ea7u ch\u1ee5p \u1ea3nh th\u1eddi trang ho\u1eb7c c\u00e1c m\u1ee5c \u0111\u00edch th\u01b0\u01a1ng m\u1ea1i kh\u00e1c trong th\u1eddi gian l\u01b0u tr\u00fa t\u1ea1i kh\u00e1ch s\u1ea1n. Kh\u00e1ch s\u1ea1n c\u00f3 quy\u1ec1n t\u1eeb ch\u1ed1i nh\u1eadn ph\u00f2ng ho\u1eb7c s\u1ebd t\u00ednh th\u00eam ph\u00ed quay phim, ch\u1ee5p \u1ea3nh kh\u00f4ng b\u00e1o tr\u01b0\u1edbc t\u1ea1i kh\u00e1ch s\u1ea1n trong th\u1eddi gian l\u01b0u tr\u00fa. Vui l\u00f2ng b\u1ea5m v\u00e0o \u0111\u00e2y \u0111\u1ec3 xem chi ph\u00ed quay phim, ch\u1ee5p \u1ea3nh trong kh\u00e1ch s\u1ea1n.<\/p>\n","protected":false},"excerpt":{"rendered":"<p>C\u00e1c ph\u00f2ng trang nh\u00e3 v\u00e0 d\u00e3y ph\u00f2ng sang tr\u1ecdng g\u1ee3i l\u1ea1i nh\u1eefng ng\u00e0y \u0111\u00e3 qua v\u1edbi thi\u1ebft k\u1ebf tinh t\u1ebf v\u00e0 \u0111\u1ea7y phong c\u00e1ch s\u1ebd khi\u1ebfn b\u1ea1n c\u1ea3m th\u1ea5y nh\u01b0 \u0111ang \u1edf nh\u00e0. Vui l\u00f2ng th\u00f4ng b\u00e1o tr\u01b0\u1edbc cho kh\u00e1ch s\u1ea1n t\u1ea1i th\u1eddi \u0111i\u1ec3m \u0111\u1eb7t ph\u00f2ng n\u1ebfu b\u1ea1n c\u00f3 nhu c\u1ea7u ch\u1ee5p \u1ea3nh th\u1eddi trang [&hellip;]<\/p>\n","protected":false},"author":2,"featured_media":472,"parent":0,"menu_order":200,"comment_status":"closed","ping_status":"closed","template":"template-rooms.php","meta":{"footnotes":""},"categories":[],"class_list":["post-924","page","type-page","status-publish","has-post-thumbnail","hentry"],"acf":[],"yoast_head":"<!-- This site is optimized with the Yoast SEO plugin v26.9 - https:\/\/yoast.com\/product\/yoast-seo-wordpress\/ -->\n<title>Ph\u00f2ng &amp; Suite - Ibis Budget<\/title>\n<meta name=\"robots\" content=\"noindex, follow, max-snippet:-1, max-image-preview:large, max-video-preview:-1\" \/>\n<meta property=\"og:locale\" content=\"vi_VN\" \/>\n<meta property=\"og:type\" content=\"article\" \/>\n<meta property=\"og:title\" content=\"Ph\u00f2ng &amp; Suite - Ibis Budget\" \/>\n<meta property=\"og:description\" content=\"C\u00e1c ph\u00f2ng trang nh\u00e3 v\u00e0 d\u00e3y ph\u00f2ng sang tr\u1ecdng g\u1ee3i l\u1ea1i nh\u1eefng ng\u00e0y \u0111\u00e3 qua v\u1edbi thi\u1ebft k\u1ebf tinh t\u1ebf v\u00e0 \u0111\u1ea7y phong c\u00e1ch s\u1ebd khi\u1ebfn b\u1ea1n c\u1ea3m th\u1ea5y nh\u01b0 \u0111ang \u1edf nh\u00e0. Vui l\u00f2ng th\u00f4ng b\u00e1o tr\u01b0\u1edbc cho kh\u00e1ch s\u1ea1n t\u1ea1i th\u1eddi \u0111i\u1ec3m \u0111\u1eb7t ph\u00f2ng n\u1ebfu b\u1ea1n c\u00f3 nhu c\u1ea7u ch\u1ee5p \u1ea3nh th\u1eddi trang [&hellip;]\" \/>\n<meta property=\"og:url\" content=\"https:\/\/ibis-budget.accorv2prod.decms.eu\/vi\/rooms-suites\/\" \/>\n<meta property=\"og:site_name\" content=\"Ibis Budget\" \/>\n<meta property=\"article:modified_time\" content=\"2022-07-14T15:09:01+00:00\" \/>\n<meta property=\"og:image\" content=\"https:\/\/ibis-budget.accorv2prod.decms.eu\/wp-content\/uploads\/sites\/59\/2021\/06\/rooms.jpg\" \/>\n\t<meta property=\"og:image:width\" content=\"1800\" \/>\n\t<meta property=\"og:image:height\" content=\"1013\" \/>\n\t<meta property=\"og:image:type\" content=\"image\/jpeg\" \/>\n<meta name=\"twitter:card\" content=\"summary_large_image\" \/>\n<meta name=\"twitter:label1\" content=\"Est. reading time\" \/>\n\t<meta name=\"twitter:data1\" content=\"1 minute\" \/>\n<script type=\"application\/ld+json\" class=\"yoast-schema-graph\">{\"@context\":\"https:\/\/schema.org\",\"@graph\":[{\"@type\":\"WebPage\",\"@id\":\"https:\/\/ibis-budget.accorv2prod.decms.eu\/vi\/rooms-suites\/\",\"url\":\"https:\/\/ibis-budget.accorv2prod.decms.eu\/vi\/rooms-suites\/\",\"name\":\"Ph\u00f2ng & Suite - Ibis Budget\",\"isPartOf\":{\"@id\":\"https:\/\/ibis-budget.accorv2prod.decms.eu\/#website\"},\"primaryImageOfPage\":{\"@id\":\"https:\/\/ibis-budget.accorv2prod.decms.eu\/vi\/rooms-suites\/#primaryimage\"},\"image\":{\"@id\":\"https:\/\/ibis-budget.accorv2prod.decms.eu\/vi\/rooms-suites\/#primaryimage\"},\"thumbnailUrl\":\"https:\/\/ibis-budget.accorv2prod.decms.eu\/wp-content\/uploads\/sites\/59\/2021\/06\/rooms.jpg\",\"datePublished\":\"2021-07-01T08:54:55+00:00\",\"dateModified\":\"2022-07-14T15:09:01+00:00\",\"breadcrumb\":{\"@id\":\"https:\/\/ibis-budget.accorv2prod.decms.eu\/vi\/rooms-suites\/#breadcrumb\"},\"inLanguage\":\"vi-VN\",\"potentialAction\":[{\"@type\":\"ReadAction\",\"target\":[\"https:\/\/ibis-budget.accorv2prod.decms.eu\/vi\/rooms-suites\/\"]}]},{\"@type\":\"ImageObject\",\"inLanguage\":\"vi-VN\",\"@id\":\"https:\/\/ibis-budget.accorv2prod.decms.eu\/vi\/rooms-suites\/#primaryimage\",\"url\":\"https:\/\/ibis-budget.accorv2prod.decms.eu\/wp-content\/uploads\/sites\/59\/2021\/06\/rooms.jpg\",\"contentUrl\":\"https:\/\/ibis-budget.accorv2prod.decms.eu\/wp-content\/uploads\/sites\/59\/2021\/06\/rooms.jpg\",\"width\":1800,\"height\":1013},{\"@type\":\"BreadcrumbList\",\"@id\":\"https:\/\/ibis-budget.accorv2prod.decms.eu\/vi\/rooms-suites\/#breadcrumb\",\"itemListElement\":[{\"@type\":\"ListItem\",\"position\":1,\"name\":\"Home\",\"item\":\"https:\/\/ibis-budget.accorv2prod.decms.eu\/vi\/\"},{\"@type\":\"ListItem\",\"position\":2,\"name\":\"Ph\u00f2ng &#038; Suite\"}]},{\"@type\":\"WebSite\",\"@id\":\"https:\/\/ibis-budget.accorv2prod.decms.eu\/#website\",\"url\":\"https:\/\/ibis-budget.accorv2prod.decms.eu\/\",\"name\":\"Ibis Budget\",\"description\":\"Just another Matteo Canever Site Sites site\",\"potentialAction\":[{\"@type\":\"SearchAction\",\"target\":{\"@type\":\"EntryPoint\",\"urlTemplate\":\"https:\/\/ibis-budget.accorv2prod.decms.eu\/?s={search_term_string}\"},\"query-input\":{\"@type\":\"PropertyValueSpecification\",\"valueRequired\":true,\"valueName\":\"search_term_string\"}}],\"inLanguage\":\"vi-VN\"}]}<\/script>\n<!-- \/ Yoast SEO plugin. -->","yoast_head_json":{"title":"Ph\u00f2ng & Suite - Ibis Budget","robots":{"index":"noindex","follow":"follow","max-snippet":"max-snippet:-1","max-image-preview":"max-image-preview:large","max-video-preview":"max-video-preview:-1"},"og_locale":"vi_VN","og_type":"article","og_title":"Ph\u00f2ng & Suite - Ibis Budget","og_description":"C\u00e1c ph\u00f2ng trang nh\u00e3 v\u00e0 d\u00e3y ph\u00f2ng sang tr\u1ecdng g\u1ee3i l\u1ea1i nh\u1eefng ng\u00e0y \u0111\u00e3 qua v\u1edbi thi\u1ebft k\u1ebf tinh t\u1ebf v\u00e0 \u0111\u1ea7y phong c\u00e1ch s\u1ebd khi\u1ebfn b\u1ea1n c\u1ea3m th\u1ea5y nh\u01b0 \u0111ang \u1edf nh\u00e0. Vui l\u00f2ng th\u00f4ng b\u00e1o tr\u01b0\u1edbc cho kh\u00e1ch s\u1ea1n t\u1ea1i th\u1eddi \u0111i\u1ec3m \u0111\u1eb7t ph\u00f2ng n\u1ebfu b\u1ea1n c\u00f3 nhu c\u1ea7u ch\u1ee5p \u1ea3nh th\u1eddi trang [&hellip;]","og_url":"https:\/\/ibis-budget.accorv2prod.decms.eu\/vi\/rooms-suites\/","og_site_name":"Ibis Budget","article_modified_time":"2022-07-14T15:09:01+00:00","og_image":[{"width":1800,"height":1013,"url":"https:\/\/ibis-budget.accorv2prod.decms.eu\/wp-content\/uploads\/sites\/59\/2021\/06\/rooms.jpg","type":"image\/jpeg"}],"twitter_card":"summary_large_image","twitter_misc":{"Est. reading time":"1 minute"},"schema":{"@context":"https:\/\/schema.org","@graph":[{"@type":"WebPage","@id":"https:\/\/ibis-budget.accorv2prod.decms.eu\/vi\/rooms-suites\/","url":"https:\/\/ibis-budget.accorv2prod.decms.eu\/vi\/rooms-suites\/","name":"Ph\u00f2ng & Suite - Ibis Budget","isPartOf":{"@id":"https:\/\/ibis-budget.accorv2prod.decms.eu\/#website"},"primaryImageOfPage":{"@id":"https:\/\/ibis-budget.accorv2prod.decms.eu\/vi\/rooms-suites\/#primaryimage"},"image":{"@id":"https:\/\/ibis-budget.accorv2prod.decms.eu\/vi\/rooms-suites\/#primaryimage"},"thumbnailUrl":"https:\/\/ibis-budget.accorv2prod.decms.eu\/wp-content\/uploads\/sites\/59\/2021\/06\/rooms.jpg","datePublished":"2021-07-01T08:54:55+00:00","dateModified":"2022-07-14T15:09:01+00:00","breadcrumb":{"@id":"https:\/\/ibis-budget.accorv2prod.decms.eu\/vi\/rooms-suites\/#breadcrumb"},"inLanguage":"vi-VN","potentialAction":[{"@type":"ReadAction","target":["https:\/\/ibis-budget.accorv2prod.decms.eu\/vi\/rooms-suites\/"]}]},{"@type":"ImageObject","inLanguage":"vi-VN","@id":"https:\/\/ibis-budget.accorv2prod.decms.eu\/vi\/rooms-suites\/#primaryimage","url":"https:\/\/ibis-budget.accorv2prod.decms.eu\/wp-content\/uploads\/sites\/59\/2021\/06\/rooms.jpg","contentUrl":"https:\/\/ibis-budget.accorv2prod.decms.eu\/wp-content\/uploads\/sites\/59\/2021\/06\/rooms.jpg","width":1800,"height":1013},{"@type":"BreadcrumbList","@id":"https:\/\/ibis-budget.accorv2prod.decms.eu\/vi\/rooms-suites\/#breadcrumb","itemListElement":[{"@type":"ListItem","position":1,"name":"Home","item":"https:\/\/ibis-budget.accorv2prod.decms.eu\/vi\/"},{"@type":"ListItem","position":2,"name":"Ph\u00f2ng &#038; Suite"}]},{"@type":"WebSite","@id":"https:\/\/ibis-budget.accorv2prod.decms.eu\/#website","url":"https:\/\/ibis-budget.accorv2prod.decms.eu\/","name":"Ibis Budget","description":"Just another Matteo Canever Site Sites site","potentialAction":[{"@type":"SearchAction","target":{"@type":"EntryPoint","urlTemplate":"https:\/\/ibis-budget.accorv2prod.decms.eu\/?s={search_term_string}"},"query-input":{"@type":"PropertyValueSpecification","valueRequired":true,"valueName":"search_term_string"}}],"inLanguage":"vi-VN"}]}},"_links":{"self":[{"href":"https:\/\/ibis-budget.accorv2prod.decms.eu\/vi\/wp-json\/wp\/v2\/pages\/924","targetHints":{"allow":["GET"]}}],"collection":[{"href":"https:\/\/ibis-budget.accorv2prod.decms.eu\/vi\/wp-json\/wp\/v2\/pages"}],"about":[{"href":"https:\/\/ibis-budget.accorv2prod.decms.eu\/vi\/wp-json\/wp\/v2\/types\/page"}],"author":[{"embeddable":true,"href":"https:\/\/ibis-budget.accorv2prod.decms.eu\/vi\/wp-json\/wp\/v2\/users\/2"}],"replies":[{"embeddable":true,"href":"https:\/\/ibis-budget.accorv2prod.decms.eu\/vi\/wp-json\/wp\/v2\/comments?post=924"}],"version-history":[{"count":0,"href":"https:\/\/ibis-budget.accorv2prod.decms.eu\/vi\/wp-json\/wp\/v2\/pages\/924\/revisions"}],"wp:featuredmedia":[{"embeddable":true,"href":"https:\/\/ibis-budget.accorv2prod.decms.eu\/vi\/wp-json\/wp\/v2\/media\/472"}],"wp:attachment":[{"href":"https:\/\/ibis-budget.accorv2prod.decms.eu\/vi\/wp-json\/wp\/v2\/media?parent=924"}],"wp:term":[{"taxonomy":"category","embeddable":true,"href":"https:\/\/ibis-budget.accorv2prod.decms.eu\/vi\/wp-json\/wp\/v2\/categories?post=924"}],"curies":[{"name":"wp","href":"https:\/\/api.w.org\/{rel}","templated":true}]}}