{"id":918,"date":"2021-07-01T08:28:03","date_gmt":"2021-07-01T08:28:03","guid":{"rendered":"https:\/\/ibis-budget.accorv2prod.decms.eu\/?page_id=918"},"modified":"2021-08-04T10:28:44","modified_gmt":"2021-08-04T10:28:44","slug":"frequently-asked-question","status":"publish","type":"page","link":"https:\/\/ibis-budget.accorv2prod.decms.eu\/vi\/frequently-asked-question\/","title":{"rendered":"C\u00e2u h\u1ecfi th\u01b0\u1eddng g\u1eb7p"},"content":{"rendered":"<p>Tr\u00e1i v\u1edbi quan \u0111i\u1ec3m chung c\u1ee7a s\u1ed1 \u0111\u00f4ng, Lorem Ipsum kh\u00f4ng ph\u1ea3i ch\u1ec9 l\u00e0 m\u1ed9t \u0111o\u1ea1n v\u0103n b\u1ea3n ng\u1eabu nhi\u00ean. Ng\u01b0\u1eddi ta t\u00ecm th\u1ea5y ngu\u1ed3n g\u1ed1c c\u1ee7a n\u00f3 t\u1eeb nh\u1eefng t\u00e1c ph\u1ea9m v\u0103n h\u1ecdc la-tinh c\u1ed5 \u0111i\u1ec3n xu\u1ea5t hi\u1ec7n t\u1eeb n\u0103m 45 tr\u01b0\u1edbc C\u00f4ng Nguy\u00ean, ngh\u0129a l\u00e0 n\u00f3 \u0111\u00e3 c\u00f3 kho\u1ea3ng h\u01a1n 2000 tu\u1ed5i. M\u1ed9t gi\u00e1o s\u01b0 c\u1ee7a tr\u01b0\u1eddng Hampden-Sydney College (bang Virginia &#8211; M\u1ef9) quan t\u00e2m t\u1edbi m\u1ed9t trong nh\u1eefng t\u1eeb la-tinh kh\u00f3 hi\u1ec3u nh\u1ea5t, &#8220;consectetur&#8221;, tr\u00edch t\u1eeb m\u1ed9t \u0111o\u1ea1n c\u1ee7a Lorem Ipsum, v\u00e0 \u0111\u00e3 nghi\u00ean c\u1ee9u t\u1ea5t c\u1ea3 c\u00e1c \u1ee9ng d\u1ee5ng c\u1ee7a t\u1eeb n\u00e0y trong v\u0103n h\u1ecdc c\u1ed5 \u0111i\u1ec3n, \u0111\u1ec3 t\u1eeb \u0111\u00f3 t\u00ecm ra ngu\u1ed3n g\u1ed1c kh\u00f4ng th\u1ec3 ch\u1ed1i c\u00e3i c\u1ee7a Lorem Ipsum. Th\u1eadt ra, n\u00f3 \u0111\u01b0\u1ee3c t\u00ecm th\u1ea5y trong c\u00e1c \u0111o\u1ea1n 1.10.32 v\u00e0 1.10.33 c\u1ee7a &#8220;De Finibus Bonorum et Malorum&#8221; (\u0110\u1ec9nh t\u1ed1i th\u01b0\u1ee3ng c\u1ee7a C\u00e1i T\u1ed1t v\u00e0<\/p>\n","protected":false},"excerpt":{"rendered":"<p>Tr\u00e1i v\u1edbi quan \u0111i\u1ec3m chung c\u1ee7a s\u1ed1 \u0111\u00f4ng, Lorem Ipsum kh\u00f4ng ph\u1ea3i ch\u1ec9 l\u00e0 m\u1ed9t \u0111o\u1ea1n v\u0103n b\u1ea3n ng\u1eabu nhi\u00ean. Ng\u01b0\u1eddi ta t\u00ecm th\u1ea5y ngu\u1ed3n g\u1ed1c c\u1ee7a n\u00f3 t\u1eeb nh\u1eefng t\u00e1c ph\u1ea9m v\u0103n h\u1ecdc la-tinh c\u1ed5 \u0111i\u1ec3n xu\u1ea5t hi\u1ec7n t\u1eeb n\u0103m 45 tr\u01b0\u1edbc C\u00f4ng Nguy\u00ean, ngh\u0129a l\u00e0 n\u00f3 \u0111\u00e3 c\u00f3 kho\u1ea3ng h\u01a1n 2000 tu\u1ed5i. M\u1ed9t [&hellip;]<\/p>\n","protected":false},"author":2,"featured_media":0,"parent":0,"menu_order":1300,"comment_status":"closed","ping_status":"closed","template":"template-faq.php","meta":{"footnotes":""},"categories":[],"class_list":["post-918","page","type-page","status-publish","hentry"],"acf":[],"yoast_head":"<!-- This site is optimized with the Yoast SEO plugin v26.9 - https:\/\/yoast.com\/product\/yoast-seo-wordpress\/ -->\n<title>C\u00e2u h\u1ecfi th\u01b0\u1eddng g\u1eb7p - Ibis Budget<\/title>\n<meta name=\"robots\" content=\"noindex, follow, max-snippet:-1, max-image-preview:large, max-video-preview:-1\" \/>\n<meta property=\"og:locale\" content=\"vi_VN\" \/>\n<meta property=\"og:type\" content=\"article\" \/>\n<meta property=\"og:title\" content=\"C\u00e2u h\u1ecfi th\u01b0\u1eddng g\u1eb7p - Ibis Budget\" \/>\n<meta property=\"og:description\" content=\"Tr\u00e1i v\u1edbi quan \u0111i\u1ec3m chung c\u1ee7a s\u1ed1 \u0111\u00f4ng, Lorem Ipsum kh\u00f4ng ph\u1ea3i ch\u1ec9 l\u00e0 m\u1ed9t \u0111o\u1ea1n v\u0103n b\u1ea3n ng\u1eabu nhi\u00ean. Ng\u01b0\u1eddi ta t\u00ecm th\u1ea5y ngu\u1ed3n g\u1ed1c c\u1ee7a n\u00f3 t\u1eeb nh\u1eefng t\u00e1c ph\u1ea9m v\u0103n h\u1ecdc la-tinh c\u1ed5 \u0111i\u1ec3n xu\u1ea5t hi\u1ec7n t\u1eeb n\u0103m 45 tr\u01b0\u1edbc C\u00f4ng Nguy\u00ean, ngh\u0129a l\u00e0 n\u00f3 \u0111\u00e3 c\u00f3 kho\u1ea3ng h\u01a1n 2000 tu\u1ed5i. M\u1ed9t [&hellip;]\" \/>\n<meta property=\"og:url\" content=\"https:\/\/ibis-budget.accorv2prod.decms.eu\/vi\/frequently-asked-question\/\" \/>\n<meta property=\"og:site_name\" content=\"Ibis Budget\" \/>\n<meta property=\"article:modified_time\" content=\"2021-08-04T10:28:44+00:00\" \/>\n<meta name=\"twitter:card\" content=\"summary_large_image\" \/>\n<meta name=\"twitter:label1\" content=\"Est. reading time\" \/>\n\t<meta name=\"twitter:data1\" content=\"1 minute\" \/>\n<script type=\"application\/ld+json\" class=\"yoast-schema-graph\">{\"@context\":\"https:\/\/schema.org\",\"@graph\":[{\"@type\":\"WebPage\",\"@id\":\"https:\/\/ibis-budget.accorv2prod.decms.eu\/vi\/frequently-asked-question\/\",\"url\":\"https:\/\/ibis-budget.accorv2prod.decms.eu\/vi\/frequently-asked-question\/\",\"name\":\"C\u00e2u h\u1ecfi th\u01b0\u1eddng g\u1eb7p - Ibis Budget\",\"isPartOf\":{\"@id\":\"https:\/\/ibis-budget.accorv2prod.decms.eu\/#website\"},\"datePublished\":\"2021-07-01T08:28:03+00:00\",\"dateModified\":\"2021-08-04T10:28:44+00:00\",\"breadcrumb\":{\"@id\":\"https:\/\/ibis-budget.accorv2prod.decms.eu\/vi\/frequently-asked-question\/#breadcrumb\"},\"inLanguage\":\"vi-VN\",\"potentialAction\":[{\"@type\":\"ReadAction\",\"target\":[\"https:\/\/ibis-budget.accorv2prod.decms.eu\/vi\/frequently-asked-question\/\"]}]},{\"@type\":\"BreadcrumbList\",\"@id\":\"https:\/\/ibis-budget.accorv2prod.decms.eu\/vi\/frequently-asked-question\/#breadcrumb\",\"itemListElement\":[{\"@type\":\"ListItem\",\"position\":1,\"name\":\"Home\",\"item\":\"https:\/\/ibis-budget.accorv2prod.decms.eu\/vi\/\"},{\"@type\":\"ListItem\",\"position\":2,\"name\":\"C\u00e2u h\u1ecfi th\u01b0\u1eddng g\u1eb7p\"}]},{\"@type\":\"WebSite\",\"@id\":\"https:\/\/ibis-budget.accorv2prod.decms.eu\/#website\",\"url\":\"https:\/\/ibis-budget.accorv2prod.decms.eu\/\",\"name\":\"Ibis Budget\",\"description\":\"Just another Matteo Canever Site Sites site\",\"potentialAction\":[{\"@type\":\"SearchAction\",\"target\":{\"@type\":\"EntryPoint\",\"urlTemplate\":\"https:\/\/ibis-budget.accorv2prod.decms.eu\/?s={search_term_string}\"},\"query-input\":{\"@type\":\"PropertyValueSpecification\",\"valueRequired\":true,\"valueName\":\"search_term_string\"}}],\"inLanguage\":\"vi-VN\"}]}<\/script>\n<!-- \/ Yoast SEO plugin. -->","yoast_head_json":{"title":"C\u00e2u h\u1ecfi th\u01b0\u1eddng g\u1eb7p - Ibis Budget","robots":{"index":"noindex","follow":"follow","max-snippet":"max-snippet:-1","max-image-preview":"max-image-preview:large","max-video-preview":"max-video-preview:-1"},"og_locale":"vi_VN","og_type":"article","og_title":"C\u00e2u h\u1ecfi th\u01b0\u1eddng g\u1eb7p - Ibis Budget","og_description":"Tr\u00e1i v\u1edbi quan \u0111i\u1ec3m chung c\u1ee7a s\u1ed1 \u0111\u00f4ng, Lorem Ipsum kh\u00f4ng ph\u1ea3i ch\u1ec9 l\u00e0 m\u1ed9t \u0111o\u1ea1n v\u0103n b\u1ea3n ng\u1eabu nhi\u00ean. Ng\u01b0\u1eddi ta t\u00ecm th\u1ea5y ngu\u1ed3n g\u1ed1c c\u1ee7a n\u00f3 t\u1eeb nh\u1eefng t\u00e1c ph\u1ea9m v\u0103n h\u1ecdc la-tinh c\u1ed5 \u0111i\u1ec3n xu\u1ea5t hi\u1ec7n t\u1eeb n\u0103m 45 tr\u01b0\u1edbc C\u00f4ng Nguy\u00ean, ngh\u0129a l\u00e0 n\u00f3 \u0111\u00e3 c\u00f3 kho\u1ea3ng h\u01a1n 2000 tu\u1ed5i. M\u1ed9t [&hellip;]","og_url":"https:\/\/ibis-budget.accorv2prod.decms.eu\/vi\/frequently-asked-question\/","og_site_name":"Ibis Budget","article_modified_time":"2021-08-04T10:28:44+00:00","twitter_card":"summary_large_image","twitter_misc":{"Est. reading time":"1 minute"},"schema":{"@context":"https:\/\/schema.org","@graph":[{"@type":"WebPage","@id":"https:\/\/ibis-budget.accorv2prod.decms.eu\/vi\/frequently-asked-question\/","url":"https:\/\/ibis-budget.accorv2prod.decms.eu\/vi\/frequently-asked-question\/","name":"C\u00e2u h\u1ecfi th\u01b0\u1eddng g\u1eb7p - Ibis Budget","isPartOf":{"@id":"https:\/\/ibis-budget.accorv2prod.decms.eu\/#website"},"datePublished":"2021-07-01T08:28:03+00:00","dateModified":"2021-08-04T10:28:44+00:00","breadcrumb":{"@id":"https:\/\/ibis-budget.accorv2prod.decms.eu\/vi\/frequently-asked-question\/#breadcrumb"},"inLanguage":"vi-VN","potentialAction":[{"@type":"ReadAction","target":["https:\/\/ibis-budget.accorv2prod.decms.eu\/vi\/frequently-asked-question\/"]}]},{"@type":"BreadcrumbList","@id":"https:\/\/ibis-budget.accorv2prod.decms.eu\/vi\/frequently-asked-question\/#breadcrumb","itemListElement":[{"@type":"ListItem","position":1,"name":"Home","item":"https:\/\/ibis-budget.accorv2prod.decms.eu\/vi\/"},{"@type":"ListItem","position":2,"name":"C\u00e2u h\u1ecfi th\u01b0\u1eddng g\u1eb7p"}]},{"@type":"WebSite","@id":"https:\/\/ibis-budget.accorv2prod.decms.eu\/#website","url":"https:\/\/ibis-budget.accorv2prod.decms.eu\/","name":"Ibis Budget","description":"Just another Matteo Canever Site Sites site","potentialAction":[{"@type":"SearchAction","target":{"@type":"EntryPoint","urlTemplate":"https:\/\/ibis-budget.accorv2prod.decms.eu\/?s={search_term_string}"},"query-input":{"@type":"PropertyValueSpecification","valueRequired":true,"valueName":"search_term_string"}}],"inLanguage":"vi-VN"}]}},"_links":{"self":[{"href":"https:\/\/ibis-budget.accorv2prod.decms.eu\/vi\/wp-json\/wp\/v2\/pages\/918","targetHints":{"allow":["GET"]}}],"collection":[{"href":"https:\/\/ibis-budget.accorv2prod.decms.eu\/vi\/wp-json\/wp\/v2\/pages"}],"about":[{"href":"https:\/\/ibis-budget.accorv2prod.decms.eu\/vi\/wp-json\/wp\/v2\/types\/page"}],"author":[{"embeddable":true,"href":"https:\/\/ibis-budget.accorv2prod.decms.eu\/vi\/wp-json\/wp\/v2\/users\/2"}],"replies":[{"embeddable":true,"href":"https:\/\/ibis-budget.accorv2prod.decms.eu\/vi\/wp-json\/wp\/v2\/comments?post=918"}],"version-history":[{"count":0,"href":"https:\/\/ibis-budget.accorv2prod.decms.eu\/vi\/wp-json\/wp\/v2\/pages\/918\/revisions"}],"wp:attachment":[{"href":"https:\/\/ibis-budget.accorv2prod.decms.eu\/vi\/wp-json\/wp\/v2\/media?parent=918"}],"wp:term":[{"taxonomy":"category","embeddable":true,"href":"https:\/\/ibis-budget.accorv2prod.decms.eu\/vi\/wp-json\/wp\/v2\/categories?post=918"}],"curies":[{"name":"wp","href":"https:\/\/api.w.org\/{rel}","templated":true}]}}